{"id":1178,"date":"2020-04-18T05:04:25","date_gmt":"2020-04-18T05:04:25","guid":{"rendered":"https:\/\/www.nhseal.com.mx\/?page_id=1178"},"modified":"2021-09-14T19:25:03","modified_gmt":"2021-09-14T19:25:03","slug":"industrias","status":"publish","type":"page","link":"https:\/\/www.nhseal.com.mx\/?page_id=1178","title":{"rendered":"Industrias"},"content":{"rendered":"\n<figure class=\"wp-block-gallery columns-3 is-cropped wp-block-gallery-1 is-layout-flex wp-block-gallery-is-layout-flex\"><ul class=\"blocks-gallery-grid\"><li class=\"blocks-gallery-item\"><figure><img loading=\"lazy\" decoding=\"async\" width=\"1024\" height=\"576\" src=\"https:\/\/www.nhseal.com.mx\/wp-content\/uploads\/2020\/04\/AW-006-5-1024x576.jpg\" alt=\"\" data-id=\"1197\" data-full-url=\"https:\/\/www.nhseal.com.mx\/wp-content\/uploads\/2020\/04\/AW-006-5-scaled.jpg\" data-link=\"https:\/\/www.nhseal.com.mx\/?attachment_id=1197\" class=\"wp-image-1197\" srcset=\"https:\/\/www.nhseal.com.mx\/wp-content\/uploads\/2020\/04\/AW-006-5-1024x576.jpg 1024w, https:\/\/www.nhseal.com.mx\/wp-content\/uploads\/2020\/04\/AW-006-5-300x169.jpg 300w, https:\/\/www.nhseal.com.mx\/wp-content\/uploads\/2020\/04\/AW-006-5-768x432.jpg 768w, https:\/\/www.nhseal.com.mx\/wp-content\/uploads\/2020\/04\/AW-006-5-1536x864.jpg 1536w, https:\/\/www.nhseal.com.mx\/wp-content\/uploads\/2020\/04\/AW-006-5-2048x1152.jpg 2048w\" sizes=\"auto, (max-width: 1024px) 100vw, 1024px\" \/><\/figure><\/li><li class=\"blocks-gallery-item\"><figure><img loading=\"lazy\" decoding=\"async\" width=\"640\" height=\"480\" src=\"https:\/\/www.nhseal.com.mx\/wp-content\/uploads\/2020\/04\/Foto3854.jpg\" alt=\"\" data-id=\"1212\" data-full-url=\"https:\/\/www.nhseal.com.mx\/wp-content\/uploads\/2020\/04\/Foto3854.jpg\" data-link=\"https:\/\/www.nhseal.com.mx\/?attachment_id=1212\" class=\"wp-image-1212\" srcset=\"https:\/\/www.nhseal.com.mx\/wp-content\/uploads\/2020\/04\/Foto3854.jpg 640w, https:\/\/www.nhseal.com.mx\/wp-content\/uploads\/2020\/04\/Foto3854-300x225.jpg 300w\" sizes=\"auto, (max-width: 640px) 100vw, 640px\" \/><\/figure><\/li><li class=\"blocks-gallery-item\"><figure><img loading=\"lazy\" decoding=\"async\" width=\"1024\" height=\"932\" src=\"https:\/\/www.nhseal.com.mx\/wp-content\/uploads\/2020\/04\/VL-682-Area-silos-3-1024x932.jpg\" alt=\"\" data-id=\"1243\" data-full-url=\"https:\/\/www.nhseal.com.mx\/wp-content\/uploads\/2020\/04\/VL-682-Area-silos-3-scaled.jpg\" data-link=\"https:\/\/www.nhseal.com.mx\/?attachment_id=1243\" class=\"wp-image-1243\" srcset=\"https:\/\/www.nhseal.com.mx\/wp-content\/uploads\/2020\/04\/VL-682-Area-silos-3-1024x932.jpg 1024w, https:\/\/www.nhseal.com.mx\/wp-content\/uploads\/2020\/04\/VL-682-Area-silos-3-300x273.jpg 300w, https:\/\/www.nhseal.com.mx\/wp-content\/uploads\/2020\/04\/VL-682-Area-silos-3-768x699.jpg 768w, https:\/\/www.nhseal.com.mx\/wp-content\/uploads\/2020\/04\/VL-682-Area-silos-3-1536x1397.jpg 1536w, https:\/\/www.nhseal.com.mx\/wp-content\/uploads\/2020\/04\/VL-682-Area-silos-3-2048x1863.jpg 2048w\" sizes=\"auto, (max-width: 1024px) 100vw, 1024px\" \/><\/figure><\/li><\/ul><\/figure>\n\n\n<p>El compromiso principal de NH SEAL es el desarrollo, fabricaci\u00f3n y comercializaci\u00f3n de Empaques que cumplan con las expectativas de nuestros clientes en las diferentes industrias; tales como:<\/p>\n\n\n<p>Alimenticia, Farmac\u00e9utica, Lechera, L\u00e1cteos, Embutidos, Purificaci\u00f3n de Agua, Automotriz, Sider\u00fargica, Pesada, Textil, Floricultura, entre otras.<\/p>\n\n\n\n<figure class=\"wp-block-gallery columns-3 is-cropped wp-block-gallery-2 is-layout-flex wp-block-gallery-is-layout-flex\"><ul class=\"blocks-gallery-grid\"><li class=\"blocks-gallery-item\"><figure><img loading=\"lazy\" decoding=\"async\" width=\"1024\" height=\"733\" src=\"https:\/\/www.nhseal.com.mx\/wp-content\/uploads\/2021\/08\/Silo-de-leche-1024x733.jpg\" alt=\"\" data-id=\"1321\" data-full-url=\"https:\/\/www.nhseal.com.mx\/wp-content\/uploads\/2021\/08\/Silo-de-leche.jpg\" data-link=\"https:\/\/www.nhseal.com.mx\/?attachment_id=1321\" class=\"wp-image-1321\" srcset=\"https:\/\/www.nhseal.com.mx\/wp-content\/uploads\/2021\/08\/Silo-de-leche-1024x733.jpg 1024w, https:\/\/www.nhseal.com.mx\/wp-content\/uploads\/2021\/08\/Silo-de-leche-300x215.jpg 300w, https:\/\/www.nhseal.com.mx\/wp-content\/uploads\/2021\/08\/Silo-de-leche-768x550.jpg 768w, https:\/\/www.nhseal.com.mx\/wp-content\/uploads\/2021\/08\/Silo-de-leche-1536x1099.jpg 1536w, https:\/\/www.nhseal.com.mx\/wp-content\/uploads\/2021\/08\/Silo-de-leche.jpg 1768w\" sizes=\"auto, (max-width: 1024px) 100vw, 1024px\" \/><\/figure><\/li><li class=\"blocks-gallery-item\"><figure><img loading=\"lazy\" decoding=\"async\" width=\"1024\" height=\"576\" src=\"https:\/\/www.nhseal.com.mx\/wp-content\/uploads\/2021\/08\/FD-002-Reparacion-6-1024x576.jpg\" alt=\"\" data-id=\"1309\" data-full-url=\"https:\/\/www.nhseal.com.mx\/wp-content\/uploads\/2021\/08\/FD-002-Reparacion-6.jpg\" data-link=\"https:\/\/www.nhseal.com.mx\/?attachment_id=1309\" class=\"wp-image-1309\" srcset=\"https:\/\/www.nhseal.com.mx\/wp-content\/uploads\/2021\/08\/FD-002-Reparacion-6-1024x576.jpg 1024w, https:\/\/www.nhseal.com.mx\/wp-content\/uploads\/2021\/08\/FD-002-Reparacion-6-300x169.jpg 300w, https:\/\/www.nhseal.com.mx\/wp-content\/uploads\/2021\/08\/FD-002-Reparacion-6-768x432.jpg 768w, https:\/\/www.nhseal.com.mx\/wp-content\/uploads\/2021\/08\/FD-002-Reparacion-6.jpg 1280w\" sizes=\"auto, (max-width: 1024px) 100vw, 1024px\" \/><\/figure><\/li><li class=\"blocks-gallery-item\"><figure><img loading=\"lazy\" decoding=\"async\" width=\"1024\" height=\"576\" src=\"https:\/\/www.nhseal.com.mx\/wp-content\/uploads\/2021\/08\/3-VL-605-1024x576.jpg\" alt=\"\" data-id=\"1322\" data-full-url=\"https:\/\/www.nhseal.com.mx\/wp-content\/uploads\/2021\/08\/3-VL-605-scaled.jpg\" data-link=\"https:\/\/www.nhseal.com.mx\/?attachment_id=1322\" class=\"wp-image-1322\" srcset=\"https:\/\/www.nhseal.com.mx\/wp-content\/uploads\/2021\/08\/3-VL-605-1024x576.jpg 1024w, https:\/\/www.nhseal.com.mx\/wp-content\/uploads\/2021\/08\/3-VL-605-300x169.jpg 300w, https:\/\/www.nhseal.com.mx\/wp-content\/uploads\/2021\/08\/3-VL-605-768x432.jpg 768w, https:\/\/www.nhseal.com.mx\/wp-content\/uploads\/2021\/08\/3-VL-605-1536x864.jpg 1536w, https:\/\/www.nhseal.com.mx\/wp-content\/uploads\/2021\/08\/3-VL-605-2048x1152.jpg 2048w\" sizes=\"auto, (max-width: 1024px) 100vw, 1024px\" \/><\/figure><\/li><\/ul><\/figure>\n\n\n\n<div class=\"wp-block-group\"><div class=\"wp-block-group__inner-container is-layout-flow wp-block-group-is-layout-flow\"><\/div><\/div>\n","protected":false},"excerpt":{"rendered":"<p>El compromiso principal de NH SEAL es el desarrollo, fabricaci\u00f3n y comercializaci\u00f3n de Empaques que cumplan con las expectativas de nuestros clientes en las diferentes industrias; tales como: Alimenticia, Farmac\u00e9utica, Lechera, L\u00e1cteos, Embutidos, Purificaci\u00f3n de Agua, Automotriz, Sider\u00fargica, Pesada, Textil, Floricultura, entre otras.<\/p>\n","protected":false},"author":1,"featured_media":0,"parent":0,"menu_order":0,"comment_status":"closed","ping_status":"closed","template":"","meta":{"footnotes":""},"class_list":["post-1178","page","type-page","status-publish","hentry"],"_links":{"self":[{"href":"https:\/\/www.nhseal.com.mx\/index.php?rest_route=\/wp\/v2\/pages\/1178","targetHints":{"allow":["GET"]}}],"collection":[{"href":"https:\/\/www.nhseal.com.mx\/index.php?rest_route=\/wp\/v2\/pages"}],"about":[{"href":"https:\/\/www.nhseal.com.mx\/index.php?rest_route=\/wp\/v2\/types\/page"}],"author":[{"embeddable":true,"href":"https:\/\/www.nhseal.com.mx\/index.php?rest_route=\/wp\/v2\/users\/1"}],"replies":[{"embeddable":true,"href":"https:\/\/www.nhseal.com.mx\/index.php?rest_route=%2Fwp%2Fv2%2Fcomments&post=1178"}],"version-history":[{"count":24,"href":"https:\/\/www.nhseal.com.mx\/index.php?rest_route=\/wp\/v2\/pages\/1178\/revisions"}],"predecessor-version":[{"id":1477,"href":"https:\/\/www.nhseal.com.mx\/index.php?rest_route=\/wp\/v2\/pages\/1178\/revisions\/1477"}],"wp:attachment":[{"href":"https:\/\/www.nhseal.com.mx\/index.php?rest_route=%2Fwp%2Fv2%2Fmedia&parent=1178"}],"curies":[{"name":"wp","href":"https:\/\/api.w.org\/{rel}","templated":true}]}}