{"id":142,"date":"2019-05-03T18:29:39","date_gmt":"2019-05-03T18:29:39","guid":{"rendered":"http:\/\/www.nhseal.com.mx\/?page_id=142"},"modified":"2025-05-02T19:19:02","modified_gmt":"2025-05-02T19:19:02","slug":"__trashed","status":"publish","type":"page","link":"https:\/\/www.nhseal.com.mx\/?page_id=142","title":{"rendered":"Productos"},"content":{"rendered":"<p>En NH SEAL manufacturamos una amplia gama de productos de sellado industrial desde convencionales hasta dise\u00f1os especiales en diferentes compuestos para m\u00faltiples Aplicaciones.<\/p>\n<p style=\"text-align: center;\"><iframe loading=\"lazy\" src=\"https:\/\/www.youtube.com\/embed\/Paez_hlCr3c?rel=0\" width=\"560\" height=\"315\" frameborder=\"0\" allowfullscreen=\"allowfullscreen\"><\/iframe><\/p>\n\n\n<p class=\"has-text-align-center\">25 a\u00f1os contribuyendo con el desarrollo de la industria en M\u00e9xico.<\/p>\n","protected":false},"excerpt":{"rendered":"<p>En NH SEAL manufacturamos una amplia gama de productos de sellado industrial desde convencionales hasta dise\u00f1os especiales en diferentes compuestos para m\u00faltiples Aplicaciones. 25 a\u00f1os contribuyendo con el desarrollo de la industria en M\u00e9xico.<\/p>\n","protected":false},"author":1,"featured_media":0,"parent":0,"menu_order":0,"comment_status":"closed","ping_status":"closed","template":"","meta":{"footnotes":""},"class_list":["post-142","page","type-page","status-publish","hentry"],"_links":{"self":[{"href":"https:\/\/www.nhseal.com.mx\/index.php?rest_route=\/wp\/v2\/pages\/142","targetHints":{"allow":["GET"]}}],"collection":[{"href":"https:\/\/www.nhseal.com.mx\/index.php?rest_route=\/wp\/v2\/pages"}],"about":[{"href":"https:\/\/www.nhseal.com.mx\/index.php?rest_route=\/wp\/v2\/types\/page"}],"author":[{"embeddable":true,"href":"https:\/\/www.nhseal.com.mx\/index.php?rest_route=\/wp\/v2\/users\/1"}],"replies":[{"embeddable":true,"href":"https:\/\/www.nhseal.com.mx\/index.php?rest_route=%2Fwp%2Fv2%2Fcomments&post=142"}],"version-history":[{"count":67,"href":"https:\/\/www.nhseal.com.mx\/index.php?rest_route=\/wp\/v2\/pages\/142\/revisions"}],"predecessor-version":[{"id":1533,"href":"https:\/\/www.nhseal.com.mx\/index.php?rest_route=\/wp\/v2\/pages\/142\/revisions\/1533"}],"wp:attachment":[{"href":"https:\/\/www.nhseal.com.mx\/index.php?rest_route=%2Fwp%2Fv2%2Fmedia&parent=142"}],"curies":[{"name":"wp","href":"https:\/\/api.w.org\/{rel}","templated":true}]}}