{"id":508,"date":"2019-09-03T23:22:11","date_gmt":"2019-09-03T23:22:11","guid":{"rendered":"https:\/\/www.nhseal.com.mx\/?page_id=508"},"modified":"2021-01-29T19:10:47","modified_gmt":"2021-01-29T19:10:47","slug":"o-rings","status":"publish","type":"page","link":"https:\/\/www.nhseal.com.mx\/?page_id=508","title":{"rendered":"O-rings"},"content":{"rendered":"\n<p>La funci\u00f3n de una&nbsp; junta&nbsp; t\u00f3rica&nbsp; es asegurar la&nbsp; estanqueidad&nbsp; de&nbsp; fluidos&nbsp; o gases al sufrir una deformaci\u00f3n&nbsp; mec\u00e1nica del compuesto elastom\u00e9rico en el acoplamiento de las superficies met\u00e1licas. <\/p>\n\n\n\n<figure class=\"wp-block-gallery columns-3 is-cropped wp-block-gallery-1 is-layout-flex wp-block-gallery-is-layout-flex\"><ul class=\"blocks-gallery-grid\"><li class=\"blocks-gallery-item\"><figure><img loading=\"lazy\" decoding=\"async\" width=\"1024\" height=\"576\" src=\"https:\/\/www.nhseal.com.mx\/wp-content\/uploads\/2019\/09\/H-rings-NBR-1-1024x576.jpg\" alt=\"\" data-id=\"985\" data-full-url=\"https:\/\/www.nhseal.com.mx\/wp-content\/uploads\/2019\/09\/H-rings-NBR-1.jpg\" data-link=\"https:\/\/www.nhseal.com.mx\/?attachment_id=985\" class=\"wp-image-985\" srcset=\"https:\/\/www.nhseal.com.mx\/wp-content\/uploads\/2019\/09\/H-rings-NBR-1-1024x576.jpg 1024w, https:\/\/www.nhseal.com.mx\/wp-content\/uploads\/2019\/09\/H-rings-NBR-1-300x169.jpg 300w, https:\/\/www.nhseal.com.mx\/wp-content\/uploads\/2019\/09\/H-rings-NBR-1-768x432.jpg 768w\" sizes=\"auto, (max-width: 1024px) 100vw, 1024px\" \/><\/figure><\/li><li class=\"blocks-gallery-item\"><figure><img loading=\"lazy\" decoding=\"async\" width=\"1024\" height=\"576\" src=\"https:\/\/www.nhseal.com.mx\/wp-content\/uploads\/2019\/09\/O-ring-de-Silicon-2-1024x576.jpg\" alt=\"\" data-id=\"986\" data-full-url=\"https:\/\/www.nhseal.com.mx\/wp-content\/uploads\/2019\/09\/O-ring-de-Silicon-2.jpg\" data-link=\"https:\/\/www.nhseal.com.mx\/?attachment_id=986\" class=\"wp-image-986\" srcset=\"https:\/\/www.nhseal.com.mx\/wp-content\/uploads\/2019\/09\/O-ring-de-Silicon-2-1024x576.jpg 1024w, https:\/\/www.nhseal.com.mx\/wp-content\/uploads\/2019\/09\/O-ring-de-Silicon-2-300x169.jpg 300w, https:\/\/www.nhseal.com.mx\/wp-content\/uploads\/2019\/09\/O-ring-de-Silicon-2-768x432.jpg 768w\" sizes=\"auto, (max-width: 1024px) 100vw, 1024px\" \/><\/figure><\/li><li class=\"blocks-gallery-item\"><figure><img loading=\"lazy\" decoding=\"async\" width=\"1024\" height=\"576\" src=\"https:\/\/www.nhseal.com.mx\/wp-content\/uploads\/2019\/09\/O-ring-HNBR-1024x576.jpg\" alt=\"\" data-id=\"988\" data-full-url=\"https:\/\/www.nhseal.com.mx\/wp-content\/uploads\/2019\/09\/O-ring-HNBR.jpg\" data-link=\"https:\/\/www.nhseal.com.mx\/?attachment_id=988\" class=\"wp-image-988\" srcset=\"https:\/\/www.nhseal.com.mx\/wp-content\/uploads\/2019\/09\/O-ring-HNBR-1024x576.jpg 1024w, https:\/\/www.nhseal.com.mx\/wp-content\/uploads\/2019\/09\/O-ring-HNBR-300x169.jpg 300w, https:\/\/www.nhseal.com.mx\/wp-content\/uploads\/2019\/09\/O-ring-HNBR-768x432.jpg 768w\" sizes=\"auto, (max-width: 1024px) 100vw, 1024px\" \/><\/figure><\/li><li class=\"blocks-gallery-item\"><figure><img loading=\"lazy\" decoding=\"async\" width=\"1024\" height=\"576\" src=\"https:\/\/www.nhseal.com.mx\/wp-content\/uploads\/2019\/09\/O-ring-de-Viton-1024x576.jpg\" alt=\"\" data-id=\"990\" data-full-url=\"https:\/\/www.nhseal.com.mx\/wp-content\/uploads\/2019\/09\/O-ring-de-Viton.jpg\" data-link=\"https:\/\/www.nhseal.com.mx\/?attachment_id=990\" class=\"wp-image-990\" srcset=\"https:\/\/www.nhseal.com.mx\/wp-content\/uploads\/2019\/09\/O-ring-de-Viton-1024x576.jpg 1024w, https:\/\/www.nhseal.com.mx\/wp-content\/uploads\/2019\/09\/O-ring-de-Viton-300x169.jpg 300w, https:\/\/www.nhseal.com.mx\/wp-content\/uploads\/2019\/09\/O-ring-de-Viton-768x432.jpg 768w\" sizes=\"auto, (max-width: 1024px) 100vw, 1024px\" \/><\/figure><\/li><li class=\"blocks-gallery-item\"><figure><img loading=\"lazy\" decoding=\"async\" width=\"1024\" height=\"576\" src=\"https:\/\/www.nhseal.com.mx\/wp-content\/uploads\/2019\/09\/O-ring-Silicon-Sanitario-1024x576.jpg\" alt=\"\" data-id=\"991\" data-full-url=\"https:\/\/www.nhseal.com.mx\/wp-content\/uploads\/2019\/09\/O-ring-Silicon-Sanitario.jpg\" data-link=\"https:\/\/www.nhseal.com.mx\/?attachment_id=991\" class=\"wp-image-991\" srcset=\"https:\/\/www.nhseal.com.mx\/wp-content\/uploads\/2019\/09\/O-ring-Silicon-Sanitario-1024x576.jpg 1024w, https:\/\/www.nhseal.com.mx\/wp-content\/uploads\/2019\/09\/O-ring-Silicon-Sanitario-300x169.jpg 300w, https:\/\/www.nhseal.com.mx\/wp-content\/uploads\/2019\/09\/O-ring-Silicon-Sanitario-768x432.jpg 768w\" sizes=\"auto, (max-width: 1024px) 100vw, 1024px\" \/><\/figure><\/li><li class=\"blocks-gallery-item\"><figure><img loading=\"lazy\" decoding=\"async\" width=\"274\" height=\"227\" src=\"https:\/\/www.nhseal.com.mx\/wp-content\/uploads\/2021\/01\/Oring.jpg\" alt=\"\" data-id=\"1272\" data-full-url=\"https:\/\/www.nhseal.com.mx\/wp-content\/uploads\/2021\/01\/Oring.jpg\" data-link=\"https:\/\/www.nhseal.com.mx\/?attachment_id=1272\" class=\"wp-image-1272\"\/><\/figure><\/li><\/ul><\/figure>\n\n\n\n<p><strong>Materiales:<\/strong><\/p>\n\n\n\n<ul class=\"wp-block-list\"><li>Fabricaci\u00f3n en Nitrilo, HNBR, EPDM, Hypalon, Silic\u00f3n, Vit\u00f3n, Poliuretano<\/li><\/ul>\n","protected":false},"excerpt":{"rendered":"<p>La funci\u00f3n de una&nbsp; junta&nbsp; t\u00f3rica&nbsp; es asegurar la&nbsp; estanqueidad&nbsp; de&nbsp; fluidos&nbsp; o gases al sufrir una deformaci\u00f3n&nbsp; mec\u00e1nica del compuesto elastom\u00e9rico en el acoplamiento de las superficies met\u00e1licas. Materiales: Fabricaci\u00f3n en Nitrilo, HNBR, EPDM, Hypalon, Silic\u00f3n, Vit\u00f3n, Poliuretano<\/p>\n","protected":false},"author":1,"featured_media":0,"parent":0,"menu_order":0,"comment_status":"closed","ping_status":"closed","template":"","meta":{"footnotes":""},"class_list":["post-508","page","type-page","status-publish","hentry"],"_links":{"self":[{"href":"https:\/\/www.nhseal.com.mx\/index.php?rest_route=\/wp\/v2\/pages\/508","targetHints":{"allow":["GET"]}}],"collection":[{"href":"https:\/\/www.nhseal.com.mx\/index.php?rest_route=\/wp\/v2\/pages"}],"about":[{"href":"https:\/\/www.nhseal.com.mx\/index.php?rest_route=\/wp\/v2\/types\/page"}],"author":[{"embeddable":true,"href":"https:\/\/www.nhseal.com.mx\/index.php?rest_route=\/wp\/v2\/users\/1"}],"replies":[{"embeddable":true,"href":"https:\/\/www.nhseal.com.mx\/index.php?rest_route=%2Fwp%2Fv2%2Fcomments&post=508"}],"version-history":[{"count":14,"href":"https:\/\/www.nhseal.com.mx\/index.php?rest_route=\/wp\/v2\/pages\/508\/revisions"}],"predecessor-version":[{"id":1276,"href":"https:\/\/www.nhseal.com.mx\/index.php?rest_route=\/wp\/v2\/pages\/508\/revisions\/1276"}],"wp:attachment":[{"href":"https:\/\/www.nhseal.com.mx\/index.php?rest_route=%2Fwp%2Fv2%2Fmedia&parent=508"}],"curies":[{"name":"wp","href":"https:\/\/api.w.org\/{rel}","templated":true}]}}