{"id":515,"date":"2019-09-03T23:37:26","date_gmt":"2019-09-03T23:37:26","guid":{"rendered":"https:\/\/www.nhseal.com.mx\/?page_id=515"},"modified":"2019-09-07T07:11:26","modified_gmt":"2019-09-07T07:11:26","slug":"limpiadores","status":"publish","type":"page","link":"https:\/\/www.nhseal.com.mx\/?page_id=515","title":{"rendered":"Limpiadores"},"content":{"rendered":"\n<p>Su funci\u00f3n es evitar el acceso de part\u00edculas\u00a0 o\u00a0 sustancias que\u00a0 se encuentran en el exterior de los equipos y as\u00ed  se garantizar el perfecto funcionamiento.<\/p>\n\n\n\n<table class=\"wp-block-table alignleft has-subtle-pale-blue-background-color has-background is-style-stripes\"><tbody><tr><td><strong>Materiales<\/strong>:            <\/td><\/tr><tr><td>Poliuretano <\/td><\/tr><tr><td>Nitrilo (NBR)<\/td><\/tr><tr><td>Silic\u00f3n<\/td><\/tr><tr><td>Vit\u00f3n <\/td><\/tr><\/tbody><\/table>\n\n\n\n<div class=\"wp-block-image\"><figure class=\"alignright is-resized\"><img loading=\"lazy\" decoding=\"async\" src=\"https:\/\/www.nhseal.com.mx\/wp-content\/uploads\/2019\/09\/Limpiador.jpg\" alt=\"\" class=\"wp-image-658\" width=\"500\" height=\"371\"\/><figcaption>Manufactura en Poliuretano hasta 40.\u00bb<\/figcaption><\/figure><\/div>\n","protected":false},"excerpt":{"rendered":"<p>Su funci\u00f3n es evitar el acceso de part\u00edculas\u00a0 o\u00a0 sustancias que\u00a0 se encuentran en el exterior de los equipos y as\u00ed se garantizar el perfecto funcionamiento. Materiales: Poliuretano Nitrilo (NBR) Silic\u00f3n Vit\u00f3n<\/p>\n","protected":false},"author":1,"featured_media":0,"parent":0,"menu_order":0,"comment_status":"closed","ping_status":"closed","template":"","meta":{"footnotes":""},"class_list":["post-515","page","type-page","status-publish","hentry"],"_links":{"self":[{"href":"https:\/\/www.nhseal.com.mx\/index.php?rest_route=\/wp\/v2\/pages\/515","targetHints":{"allow":["GET"]}}],"collection":[{"href":"https:\/\/www.nhseal.com.mx\/index.php?rest_route=\/wp\/v2\/pages"}],"about":[{"href":"https:\/\/www.nhseal.com.mx\/index.php?rest_route=\/wp\/v2\/types\/page"}],"author":[{"embeddable":true,"href":"https:\/\/www.nhseal.com.mx\/index.php?rest_route=\/wp\/v2\/users\/1"}],"replies":[{"embeddable":true,"href":"https:\/\/www.nhseal.com.mx\/index.php?rest_route=%2Fwp%2Fv2%2Fcomments&post=515"}],"version-history":[{"count":5,"href":"https:\/\/www.nhseal.com.mx\/index.php?rest_route=\/wp\/v2\/pages\/515\/revisions"}],"predecessor-version":[{"id":725,"href":"https:\/\/www.nhseal.com.mx\/index.php?rest_route=\/wp\/v2\/pages\/515\/revisions\/725"}],"wp:attachment":[{"href":"https:\/\/www.nhseal.com.mx\/index.php?rest_route=%2Fwp%2Fv2%2Fmedia&parent=515"}],"curies":[{"name":"wp","href":"https:\/\/api.w.org\/{rel}","templated":true}]}}