{"id":520,"date":"2019-09-04T00:22:57","date_gmt":"2019-09-04T00:22:57","guid":{"rendered":"https:\/\/www.nhseal.com.mx\/?page_id=520"},"modified":"2021-09-14T18:12:26","modified_gmt":"2021-09-14T18:12:26","slug":"polipacks","status":"publish","type":"page","link":"https:\/\/www.nhseal.com.mx\/?page_id=520","title":{"rendered":"Polypacks"},"content":{"rendered":"\n<p>Son ideales para Cilindros hidr\u00e1ulicos doble Efecto,&nbsp; cuenta con una&nbsp; alta resistencia a la Presi\u00f3n, abrasi\u00f3n e impacto. Son recomendables para equipos como Inyectoras de pl\u00e1stico, Prensas Hidr\u00e1ulicas, Gr\u00faas, Montacargas, Troqueladoras, etc.&nbsp;&nbsp;&nbsp;<\/p>\n\n\n\n<div class=\"wp-block-image\"><figure class=\"alignright size-full is-resized\"><img loading=\"lazy\" decoding=\"async\" src=\"https:\/\/www.nhseal.com.mx\/wp-content\/uploads\/2021\/09\/Polypacks.jpg\" alt=\"\" class=\"wp-image-1457\" width=\"337\" height=\"252\" srcset=\"https:\/\/www.nhseal.com.mx\/wp-content\/uploads\/2021\/09\/Polypacks.jpg 666w, https:\/\/www.nhseal.com.mx\/wp-content\/uploads\/2021\/09\/Polypacks-300x225.jpg 300w\" sizes=\"auto, (max-width: 337px) 100vw, 337px\" \/><figcaption>Manufactura hasta 40.\u00bb<\/figcaption><\/figure><\/div>\n\n\n\n<figure class=\"wp-block-table alignleft is-style-stripes\"><table class=\"has-subtle-pale-blue-background-color has-background\"><tbody><tr><td><strong>Informaci\u00f3n de Sello<\/strong><\/td><td><\/td><\/tr><tr><td> Material<\/td><td>Poliuretano <\/td><\/tr><tr><td>Dureza <\/td><td>   90-95<\/td><\/tr><tr><td>Presi\u00f3n<\/td><td>5000 PSI<\/td><\/tr><tr><td>Temperatura <\/td><td>-10\u00b0 a 90\u00b0C<\/td><\/tr><tr><td>Fluido<\/td><td>Aceite Hidr\u00e1ulico<\/td><\/tr><\/tbody><\/table><\/figure>\n\n\n\n<h3 class=\"wp-block-heading\"> <\/h3>\n","protected":false},"excerpt":{"rendered":"<p>Son ideales para Cilindros hidr\u00e1ulicos doble Efecto,&nbsp; cuenta con una&nbsp; alta resistencia a la Presi\u00f3n, abrasi\u00f3n e impacto. Son recomendables para equipos como Inyectoras de pl\u00e1stico, Prensas Hidr\u00e1ulicas, Gr\u00faas, Montacargas, Troqueladoras, etc.&nbsp;&nbsp;&nbsp; Informaci\u00f3n de Sello Material Poliuretano Dureza 90-95 Presi\u00f3n 5000 PSI Temperatura -10\u00b0 a 90\u00b0C Fluido Aceite Hidr\u00e1ulico<\/p>\n","protected":false},"author":1,"featured_media":0,"parent":0,"menu_order":0,"comment_status":"closed","ping_status":"closed","template":"","meta":{"footnotes":""},"class_list":["post-520","page","type-page","status-publish","hentry"],"_links":{"self":[{"href":"https:\/\/www.nhseal.com.mx\/index.php?rest_route=\/wp\/v2\/pages\/520","targetHints":{"allow":["GET"]}}],"collection":[{"href":"https:\/\/www.nhseal.com.mx\/index.php?rest_route=\/wp\/v2\/pages"}],"about":[{"href":"https:\/\/www.nhseal.com.mx\/index.php?rest_route=\/wp\/v2\/types\/page"}],"author":[{"embeddable":true,"href":"https:\/\/www.nhseal.com.mx\/index.php?rest_route=\/wp\/v2\/users\/1"}],"replies":[{"embeddable":true,"href":"https:\/\/www.nhseal.com.mx\/index.php?rest_route=%2Fwp%2Fv2%2Fcomments&post=520"}],"version-history":[{"count":17,"href":"https:\/\/www.nhseal.com.mx\/index.php?rest_route=\/wp\/v2\/pages\/520\/revisions"}],"predecessor-version":[{"id":1459,"href":"https:\/\/www.nhseal.com.mx\/index.php?rest_route=\/wp\/v2\/pages\/520\/revisions\/1459"}],"wp:attachment":[{"href":"https:\/\/www.nhseal.com.mx\/index.php?rest_route=%2Fwp%2Fv2%2Fmedia&parent=520"}],"curies":[{"name":"wp","href":"https:\/\/api.w.org\/{rel}","templated":true}]}}