{"id":534,"date":"2019-09-04T00:12:19","date_gmt":"2019-09-04T00:12:19","guid":{"rendered":"https:\/\/www.nhseal.com.mx\/?page_id=534"},"modified":"2021-09-29T19:58:43","modified_gmt":"2021-09-29T19:58:43","slug":"empaque-tipo-v-2","status":"publish","type":"page","link":"https:\/\/www.nhseal.com.mx\/?page_id=534","title":{"rendered":"Empaque Tipo \u00abV\u00bb"},"content":{"rendered":"\n<p class=\"has-text-align-left\">Sello para Pistones Hidr\u00e1ulicos de Montacargas, Prensas Hidr\u00e1ulicas, Inyectoras de Pl\u00e1stico, Gr\u00faas, Troqueladoras, etc. <\/p>\n\n\n\n<div class=\"wp-block-image\"><figure class=\"alignright size-full is-resized\"><img loading=\"lazy\" decoding=\"async\" src=\"https:\/\/www.nhseal.com.mx\/wp-content\/uploads\/2019\/09\/EMP-V-1.jpg\" alt=\"\" class=\"wp-image-1035\" width=\"366\" height=\"274\" srcset=\"https:\/\/www.nhseal.com.mx\/wp-content\/uploads\/2019\/09\/EMP-V-1.jpg 510w, https:\/\/www.nhseal.com.mx\/wp-content\/uploads\/2019\/09\/EMP-V-1-300x225.jpg 300w\" sizes=\"auto, (max-width: 366px) 100vw, 366px\" \/><figcaption>Manufactura hasta 40.\u00bb de di\u00e1metro <\/figcaption><\/figure><\/div>\n\n\n\n<figure class=\"wp-block-table alignleft is-style-stripes\"><table class=\"has-subtle-pale-blue-background-color has-background\"><tbody><tr><td><strong>Informaci\u00f3n de Sello<\/strong><\/td><td><\/td><\/tr><tr><td>Material <\/td><td>Poliuretano<\/td><\/tr><tr><td>Dureza<\/td><td>90-95<\/td><\/tr><tr><td>Presi\u00f3n<\/td><td>5000 PSI<\/td><\/tr><tr><td>Temperatura<\/td><td>90\u00b0C<\/td><\/tr><tr><td>Fluido<\/td><td>Aceite Hidr\u00e1ulico<\/td><\/tr><\/tbody><\/table><\/figure>\n\n\n\n<p><\/p>\n","protected":false},"excerpt":{"rendered":"<p>Sello para Pistones Hidr\u00e1ulicos de Montacargas, Prensas Hidr\u00e1ulicas, Inyectoras de Pl\u00e1stico, Gr\u00faas, Troqueladoras, etc. Informaci\u00f3n de Sello Material Poliuretano Dureza 90-95 Presi\u00f3n 5000 PSI Temperatura 90\u00b0C Fluido Aceite Hidr\u00e1ulico<\/p>\n","protected":false},"author":1,"featured_media":0,"parent":0,"menu_order":0,"comment_status":"closed","ping_status":"closed","template":"","meta":{"footnotes":""},"class_list":["post-534","page","type-page","status-publish","hentry"],"_links":{"self":[{"href":"https:\/\/www.nhseal.com.mx\/index.php?rest_route=\/wp\/v2\/pages\/534","targetHints":{"allow":["GET"]}}],"collection":[{"href":"https:\/\/www.nhseal.com.mx\/index.php?rest_route=\/wp\/v2\/pages"}],"about":[{"href":"https:\/\/www.nhseal.com.mx\/index.php?rest_route=\/wp\/v2\/types\/page"}],"author":[{"embeddable":true,"href":"https:\/\/www.nhseal.com.mx\/index.php?rest_route=\/wp\/v2\/users\/1"}],"replies":[{"embeddable":true,"href":"https:\/\/www.nhseal.com.mx\/index.php?rest_route=%2Fwp%2Fv2%2Fcomments&post=534"}],"version-history":[{"count":12,"href":"https:\/\/www.nhseal.com.mx\/index.php?rest_route=\/wp\/v2\/pages\/534\/revisions"}],"predecessor-version":[{"id":1483,"href":"https:\/\/www.nhseal.com.mx\/index.php?rest_route=\/wp\/v2\/pages\/534\/revisions\/1483"}],"wp:attachment":[{"href":"https:\/\/www.nhseal.com.mx\/index.php?rest_route=%2Fwp%2Fv2%2Fmedia&parent=534"}],"curies":[{"name":"wp","href":"https:\/\/api.w.org\/{rel}","templated":true}]}}