{"id":542,"date":"2019-09-04T00:21:32","date_gmt":"2019-09-04T00:21:32","guid":{"rendered":"https:\/\/www.nhseal.com.mx\/?page_id=542"},"modified":"2019-09-29T04:00:38","modified_gmt":"2019-09-29T04:00:38","slug":"chevron-2","status":"publish","type":"page","link":"https:\/\/www.nhseal.com.mx\/?page_id=542","title":{"rendered":"Chevron"},"content":{"rendered":"\n<p>Sellos para Pist\u00f3n Hidr\u00e1ulico<\/p>\n\n\n\n<figure class=\"wp-block-image is-resized\"><img loading=\"lazy\" decoding=\"async\" src=\"https:\/\/www.nhseal.com.mx\/wp-content\/uploads\/2019\/09\/Chevron-2-1024x772.jpg\" alt=\"\" class=\"wp-image-1049\" width=\"450\" height=\"339\" srcset=\"https:\/\/www.nhseal.com.mx\/wp-content\/uploads\/2019\/09\/Chevron-2-1024x772.jpg 1024w, https:\/\/www.nhseal.com.mx\/wp-content\/uploads\/2019\/09\/Chevron-2-300x226.jpg 300w, https:\/\/www.nhseal.com.mx\/wp-content\/uploads\/2019\/09\/Chevron-2-768x579.jpg 768w\" sizes=\"auto, (max-width: 450px) 100vw, 450px\" \/><\/figure>\n\n\n\n<table class=\"wp-block-table alignleft is-style-stripes\"><tbody><tr><td><strong>Informaci\u00f3n de Sello<\/strong><\/td><td><\/td><\/tr><tr><td>Material         <\/td><td>Lona y Nylon SL<\/td><\/tr><tr><td>Presi\u00f3n   <\/td><td>     5000 PSI<\/td><\/tr><tr><td>Temp.  <\/td><td>        120\u00b0C<\/td><\/tr><tr><td>Fluido            <\/td><td>Aceite Hidr\u00e1ulico<\/td><\/tr><\/tbody><\/table>\n","protected":false},"excerpt":{"rendered":"<p>Sellos para Pist\u00f3n Hidr\u00e1ulico Informaci\u00f3n de Sello Material Lona y Nylon SL Presi\u00f3n 5000 PSI Temp. 120\u00b0C Fluido Aceite Hidr\u00e1ulico<\/p>\n","protected":false},"author":1,"featured_media":0,"parent":0,"menu_order":0,"comment_status":"closed","ping_status":"closed","template":"","meta":{"footnotes":""},"class_list":["post-542","page","type-page","status-publish","hentry"],"_links":{"self":[{"href":"https:\/\/www.nhseal.com.mx\/index.php?rest_route=\/wp\/v2\/pages\/542","targetHints":{"allow":["GET"]}}],"collection":[{"href":"https:\/\/www.nhseal.com.mx\/index.php?rest_route=\/wp\/v2\/pages"}],"about":[{"href":"https:\/\/www.nhseal.com.mx\/index.php?rest_route=\/wp\/v2\/types\/page"}],"author":[{"embeddable":true,"href":"https:\/\/www.nhseal.com.mx\/index.php?rest_route=\/wp\/v2\/users\/1"}],"replies":[{"embeddable":true,"href":"https:\/\/www.nhseal.com.mx\/index.php?rest_route=%2Fwp%2Fv2%2Fcomments&post=542"}],"version-history":[{"count":7,"href":"https:\/\/www.nhseal.com.mx\/index.php?rest_route=\/wp\/v2\/pages\/542\/revisions"}],"predecessor-version":[{"id":1084,"href":"https:\/\/www.nhseal.com.mx\/index.php?rest_route=\/wp\/v2\/pages\/542\/revisions\/1084"}],"wp:attachment":[{"href":"https:\/\/www.nhseal.com.mx\/index.php?rest_route=%2Fwp%2Fv2%2Fmedia&parent=542"}],"curies":[{"name":"wp","href":"https:\/\/api.w.org\/{rel}","templated":true}]}}