{"id":571,"date":"2019-09-04T22:20:25","date_gmt":"2019-09-04T22:20:25","guid":{"rendered":"https:\/\/www.nhseal.com.mx\/?page_id=571"},"modified":"2019-09-29T04:32:09","modified_gmt":"2019-09-29T04:32:09","slug":"fuelles-2","status":"publish","type":"page","link":"https:\/\/www.nhseal.com.mx\/?page_id=571","title":{"rendered":"Fuelles"},"content":{"rendered":"\n<figure class=\"wp-block-image is-resized\"><img loading=\"lazy\" decoding=\"async\" src=\"https:\/\/www.nhseal.com.mx\/wp-content\/uploads\/2019\/09\/Fuelles-2-1024x751.jpg\" alt=\"\" class=\"wp-image-1041\" width=\"500\" height=\"366\" srcset=\"https:\/\/www.nhseal.com.mx\/wp-content\/uploads\/2019\/09\/Fuelles-2-1024x751.jpg 1024w, https:\/\/www.nhseal.com.mx\/wp-content\/uploads\/2019\/09\/Fuelles-2-300x220.jpg 300w, https:\/\/www.nhseal.com.mx\/wp-content\/uploads\/2019\/09\/Fuelles-2-768x563.jpg 768w\" sizes=\"auto, (max-width: 500px) 100vw, 500px\" \/><\/figure>\n\n\n\n<p>Elementos de agarre Neum\u00e1ticos en materiales como Silic\u00f3n, Neopreno, y Poliuretano. Aplicaciones en la Industria Alimenticia,  Vidriera, Automotriz,  Papel y Cart\u00f3n entre otras.<\/p>\n","protected":false},"excerpt":{"rendered":"<p>Elementos de agarre Neum\u00e1ticos en materiales como Silic\u00f3n, Neopreno, y Poliuretano. Aplicaciones en la Industria Alimenticia, Vidriera, Automotriz, Papel y Cart\u00f3n entre otras.<\/p>\n","protected":false},"author":1,"featured_media":0,"parent":0,"menu_order":0,"comment_status":"closed","ping_status":"closed","template":"","meta":{"footnotes":""},"class_list":["post-571","page","type-page","status-publish","hentry"],"_links":{"self":[{"href":"https:\/\/www.nhseal.com.mx\/index.php?rest_route=\/wp\/v2\/pages\/571","targetHints":{"allow":["GET"]}}],"collection":[{"href":"https:\/\/www.nhseal.com.mx\/index.php?rest_route=\/wp\/v2\/pages"}],"about":[{"href":"https:\/\/www.nhseal.com.mx\/index.php?rest_route=\/wp\/v2\/types\/page"}],"author":[{"embeddable":true,"href":"https:\/\/www.nhseal.com.mx\/index.php?rest_route=\/wp\/v2\/users\/1"}],"replies":[{"embeddable":true,"href":"https:\/\/www.nhseal.com.mx\/index.php?rest_route=%2Fwp%2Fv2%2Fcomments&post=571"}],"version-history":[{"count":11,"href":"https:\/\/www.nhseal.com.mx\/index.php?rest_route=\/wp\/v2\/pages\/571\/revisions"}],"predecessor-version":[{"id":1319,"href":"https:\/\/www.nhseal.com.mx\/index.php?rest_route=\/wp\/v2\/pages\/571\/revisions\/1319"}],"wp:attachment":[{"href":"https:\/\/www.nhseal.com.mx\/index.php?rest_route=%2Fwp%2Fv2%2Fmedia&parent=571"}],"curies":[{"name":"wp","href":"https:\/\/api.w.org\/{rel}","templated":true}]}}