{"id":733,"date":"2019-09-07T20:47:50","date_gmt":"2019-09-07T20:47:50","guid":{"rendered":"https:\/\/www.nhseal.com.mx\/?page_id=733"},"modified":"2021-08-27T00:47:20","modified_gmt":"2021-08-27T00:47:20","slug":"fabricacion","status":"publish","type":"page","link":"https:\/\/www.nhseal.com.mx\/?page_id=733","title":{"rendered":"Fabricaci\u00f3n de Empaques"},"content":{"rendered":"\n<p><strong>Empaques Hidr\u00e1ulicos y Neum\u00e1ticos<\/strong><\/p>\n\n\n\n<p>En NH SEAL Manufacturamos Sellos para Sistema Hidr\u00e1ulico con Materiales de Alta Resistencia a la Presi\u00f3n, Desgarre, Impacto, Abrasi\u00f3n as\u00ed como buena Resiliencia bajo condiciones de Trabajo Extremo o Moderado.<\/p>\n\n\n\n<div class=\"wp-block-image\"><figure class=\"aligncenter is-resized\"><img loading=\"lazy\" decoding=\"async\" src=\"https:\/\/www.nhseal.com.mx\/wp-content\/uploads\/2019\/09\/Sellos-Hdr\u00e1ulicos-3-1-1024x669.jpg\" alt=\"\" class=\"wp-image-1012\" width=\"550\" height=\"358\" srcset=\"https:\/\/www.nhseal.com.mx\/wp-content\/uploads\/2019\/09\/Sellos-Hdr\u00e1ulicos-3-1-1024x669.jpg 1024w, https:\/\/www.nhseal.com.mx\/wp-content\/uploads\/2019\/09\/Sellos-Hdr\u00e1ulicos-3-1-300x196.jpg 300w\" sizes=\"auto, (max-width: 550px) 100vw, 550px\" \/><\/figure><\/div>\n\n\n\n<p>De igual manera desarrollamos Sellos con Materiales Diversos como Teflon + Bronce, Teflon + Bisulfuro, Buna N, Poliuretano entre otros. Por lo anterior contamos con la Posibilidad de desarrollar una amplia gama de productos para aplicaciones en la industria en general.<\/p>\n","protected":false},"excerpt":{"rendered":"<p>Empaques Hidr\u00e1ulicos y Neum\u00e1ticos En NH SEAL Manufacturamos Sellos para Sistema Hidr\u00e1ulico con Materiales de Alta Resistencia a la Presi\u00f3n, Desgarre, Impacto, Abrasi\u00f3n as\u00ed como buena Resiliencia bajo condiciones de Trabajo Extremo o Moderado. De igual manera desarrollamos Sellos con Materiales Diversos como Teflon + Bronce, Teflon + Bisulfuro, Buna N, Poliuretano entre otros. Por&hellip;<\/p>\n","protected":false},"author":1,"featured_media":0,"parent":0,"menu_order":0,"comment_status":"closed","ping_status":"closed","template":"","meta":{"footnotes":""},"class_list":["post-733","page","type-page","status-publish","hentry"],"_links":{"self":[{"href":"https:\/\/www.nhseal.com.mx\/index.php?rest_route=\/wp\/v2\/pages\/733","targetHints":{"allow":["GET"]}}],"collection":[{"href":"https:\/\/www.nhseal.com.mx\/index.php?rest_route=\/wp\/v2\/pages"}],"about":[{"href":"https:\/\/www.nhseal.com.mx\/index.php?rest_route=\/wp\/v2\/types\/page"}],"author":[{"embeddable":true,"href":"https:\/\/www.nhseal.com.mx\/index.php?rest_route=\/wp\/v2\/users\/1"}],"replies":[{"embeddable":true,"href":"https:\/\/www.nhseal.com.mx\/index.php?rest_route=%2Fwp%2Fv2%2Fcomments&post=733"}],"version-history":[{"count":14,"href":"https:\/\/www.nhseal.com.mx\/index.php?rest_route=\/wp\/v2\/pages\/733\/revisions"}],"predecessor-version":[{"id":1366,"href":"https:\/\/www.nhseal.com.mx\/index.php?rest_route=\/wp\/v2\/pages\/733\/revisions\/1366"}],"wp:attachment":[{"href":"https:\/\/www.nhseal.com.mx\/index.php?rest_route=%2Fwp%2Fv2%2Fmedia&parent=733"}],"curies":[{"name":"wp","href":"https:\/\/api.w.org\/{rel}","templated":true}]}}