{"id":735,"date":"2019-09-07T20:48:12","date_gmt":"2019-09-07T20:48:12","guid":{"rendered":"https:\/\/www.nhseal.com.mx\/?page_id=735"},"modified":"2021-08-26T17:19:10","modified_gmt":"2021-08-26T17:19:10","slug":"reparacion-2","status":"publish","type":"page","link":"https:\/\/www.nhseal.com.mx\/?page_id=735","title":{"rendered":"Reparaci\u00f3n y mantenimiento"},"content":{"rendered":"\n<p><strong>Reparaci\u00f3n de Cilindros Hidr\u00e1ulicos<\/strong><\/p>\n\n\n\n<div class=\"wp-block-group\"><div class=\"wp-block-group__inner-container is-layout-flow wp-block-group-is-layout-flow\">\n<figure class=\"wp-block-gallery columns-3 is-cropped aligncenter wp-block-gallery-1 is-layout-flex wp-block-gallery-is-layout-flex\"><ul class=\"blocks-gallery-grid\"><li class=\"blocks-gallery-item\"><figure><img loading=\"lazy\" decoding=\"async\" width=\"1024\" height=\"576\" src=\"https:\/\/www.nhseal.com.mx\/wp-content\/uploads\/2019\/09\/1-Pistones-Hidr\u00e1ilicos-2-1024x576.jpg\" alt=\"\" data-id=\"998\" data-link=\"https:\/\/www.nhseal.com.mx\/?attachment_id=998\" class=\"wp-image-998\" srcset=\"https:\/\/www.nhseal.com.mx\/wp-content\/uploads\/2019\/09\/1-Pistones-Hidr\u00e1ilicos-2-1024x576.jpg 1024w, https:\/\/www.nhseal.com.mx\/wp-content\/uploads\/2019\/09\/1-Pistones-Hidr\u00e1ilicos-2-300x169.jpg 300w, https:\/\/www.nhseal.com.mx\/wp-content\/uploads\/2019\/09\/1-Pistones-Hidr\u00e1ilicos-2-768x432.jpg 768w, https:\/\/www.nhseal.com.mx\/wp-content\/uploads\/2019\/09\/1-Pistones-Hidr\u00e1ilicos-2.jpg 1280w\" sizes=\"auto, (max-width: 1024px) 100vw, 1024px\" \/><\/figure><\/li><li class=\"blocks-gallery-item\"><figure><img loading=\"lazy\" decoding=\"async\" width=\"1024\" height=\"576\" src=\"https:\/\/www.nhseal.com.mx\/wp-content\/uploads\/2019\/09\/2-Pistones-Hdr\u00e1ulicos-1024x576.jpg\" alt=\"\" data-id=\"1001\" data-link=\"https:\/\/www.nhseal.com.mx\/?attachment_id=1001\" class=\"wp-image-1001\" srcset=\"https:\/\/www.nhseal.com.mx\/wp-content\/uploads\/2019\/09\/2-Pistones-Hdr\u00e1ulicos-1024x576.jpg 1024w, https:\/\/www.nhseal.com.mx\/wp-content\/uploads\/2019\/09\/2-Pistones-Hdr\u00e1ulicos-300x169.jpg 300w, https:\/\/www.nhseal.com.mx\/wp-content\/uploads\/2019\/09\/2-Pistones-Hdr\u00e1ulicos-768x432.jpg 768w, https:\/\/www.nhseal.com.mx\/wp-content\/uploads\/2019\/09\/2-Pistones-Hdr\u00e1ulicos.jpg 1280w\" sizes=\"auto, (max-width: 1024px) 100vw, 1024px\" \/><\/figure><\/li><li class=\"blocks-gallery-item\"><figure><img loading=\"lazy\" decoding=\"async\" width=\"1024\" height=\"576\" src=\"https:\/\/www.nhseal.com.mx\/wp-content\/uploads\/2019\/09\/Img-16-1-1024x576.jpg\" alt=\"\" data-id=\"1002\" data-link=\"https:\/\/www.nhseal.com.mx\/?attachment_id=1002\" class=\"wp-image-1002\" srcset=\"https:\/\/www.nhseal.com.mx\/wp-content\/uploads\/2019\/09\/Img-16-1-1024x576.jpg 1024w, https:\/\/www.nhseal.com.mx\/wp-content\/uploads\/2019\/09\/Img-16-1-300x169.jpg 300w, https:\/\/www.nhseal.com.mx\/wp-content\/uploads\/2019\/09\/Img-16-1-768x432.jpg 768w\" sizes=\"auto, (max-width: 1024px) 100vw, 1024px\" \/><\/figure><\/li><\/ul><\/figure>\n<\/div><\/div>\n\n\n\n<div class=\"wp-block-columns is-layout-flex wp-container-core-columns-is-layout-9d6595d7 wp-block-columns-is-layout-flex\">\n<div class=\"wp-block-column is-layout-flow wp-block-column-is-layout-flow\" style=\"flex-basis:100%\">\n<div class=\"wp-block-group alignfull\"><div class=\"wp-block-group__inner-container is-layout-flow wp-block-group-is-layout-flow\">\n<figure class=\"wp-block-gallery alignfull columns-3 is-cropped wp-block-gallery-2 is-layout-flex wp-block-gallery-is-layout-flex\"><ul class=\"blocks-gallery-grid\"><li class=\"blocks-gallery-item\"><figure><img loading=\"lazy\" decoding=\"async\" width=\"1024\" height=\"913\" src=\"https:\/\/www.nhseal.com.mx\/wp-content\/uploads\/2021\/08\/Piston-Amarilloo-1024x913.jpg\" alt=\"\" data-id=\"1349\" data-full-url=\"https:\/\/www.nhseal.com.mx\/wp-content\/uploads\/2021\/08\/Piston-Amarilloo-scaled.jpg\" data-link=\"https:\/\/www.nhseal.com.mx\/?attachment_id=1349\" class=\"wp-image-1349\" srcset=\"https:\/\/www.nhseal.com.mx\/wp-content\/uploads\/2021\/08\/Piston-Amarilloo-1024x913.jpg 1024w, https:\/\/www.nhseal.com.mx\/wp-content\/uploads\/2021\/08\/Piston-Amarilloo-300x268.jpg 300w, https:\/\/www.nhseal.com.mx\/wp-content\/uploads\/2021\/08\/Piston-Amarilloo-768x685.jpg 768w, https:\/\/www.nhseal.com.mx\/wp-content\/uploads\/2021\/08\/Piston-Amarilloo-1536x1370.jpg 1536w, https:\/\/www.nhseal.com.mx\/wp-content\/uploads\/2021\/08\/Piston-Amarilloo-2048x1827.jpg 2048w\" sizes=\"auto, (max-width: 1024px) 100vw, 1024px\" \/><\/figure><\/li><li class=\"blocks-gallery-item\"><figure><img loading=\"lazy\" decoding=\"async\" width=\"1024\" height=\"576\" src=\"https:\/\/www.nhseal.com.mx\/wp-content\/uploads\/2021\/08\/FD-002-Reparacion-6-1024x576.jpg\" alt=\"\" data-id=\"1309\" data-link=\"https:\/\/www.nhseal.com.mx\/?attachment_id=1309\" class=\"wp-image-1309\" srcset=\"https:\/\/www.nhseal.com.mx\/wp-content\/uploads\/2021\/08\/FD-002-Reparacion-6-1024x576.jpg 1024w, https:\/\/www.nhseal.com.mx\/wp-content\/uploads\/2021\/08\/FD-002-Reparacion-6-300x169.jpg 300w, https:\/\/www.nhseal.com.mx\/wp-content\/uploads\/2021\/08\/FD-002-Reparacion-6-768x432.jpg 768w, https:\/\/www.nhseal.com.mx\/wp-content\/uploads\/2021\/08\/FD-002-Reparacion-6.jpg 1280w\" sizes=\"auto, (max-width: 1024px) 100vw, 1024px\" \/><\/figure><\/li><li class=\"blocks-gallery-item\"><figure><img loading=\"lazy\" decoding=\"async\" width=\"510\" height=\"366\" src=\"https:\/\/www.nhseal.com.mx\/wp-content\/uploads\/2021\/08\/Piston-Doble-Accionn.jpg\" alt=\"\" data-id=\"1308\" data-link=\"https:\/\/www.nhseal.com.mx\/?attachment_id=1308\" class=\"wp-image-1308\" srcset=\"https:\/\/www.nhseal.com.mx\/wp-content\/uploads\/2021\/08\/Piston-Doble-Accionn.jpg 510w, https:\/\/www.nhseal.com.mx\/wp-content\/uploads\/2021\/08\/Piston-Doble-Accionn-300x215.jpg 300w\" sizes=\"auto, (max-width: 510px) 100vw, 510px\" \/><\/figure><\/li><\/ul><\/figure>\n<\/div><\/div>\n<\/div>\n<\/div>\n\n\n\n<p> En NH SEAL nos sumamos a la recuperaci\u00f3n de sus Equipos, proporcion\u00e1ndole un diagnostico que precisa restaurar o Fabricar solo las partes da\u00f1adas como Embolo, V\u00e1stagos, Tapas, Bujes de Bronce, Kit de Empaques, etc. <\/p>\n","protected":false},"excerpt":{"rendered":"<p>Reparaci\u00f3n de Cilindros Hidr\u00e1ulicos En NH SEAL nos sumamos a la recuperaci\u00f3n de sus Equipos, proporcion\u00e1ndole un diagnostico que precisa restaurar o Fabricar solo las partes da\u00f1adas como Embolo, V\u00e1stagos, Tapas, Bujes de Bronce, Kit de Empaques, etc.<\/p>\n","protected":false},"author":1,"featured_media":0,"parent":0,"menu_order":0,"comment_status":"closed","ping_status":"closed","template":"","meta":{"footnotes":""},"class_list":["post-735","page","type-page","status-publish","hentry"],"_links":{"self":[{"href":"https:\/\/www.nhseal.com.mx\/index.php?rest_route=\/wp\/v2\/pages\/735","targetHints":{"allow":["GET"]}}],"collection":[{"href":"https:\/\/www.nhseal.com.mx\/index.php?rest_route=\/wp\/v2\/pages"}],"about":[{"href":"https:\/\/www.nhseal.com.mx\/index.php?rest_route=\/wp\/v2\/types\/page"}],"author":[{"embeddable":true,"href":"https:\/\/www.nhseal.com.mx\/index.php?rest_route=\/wp\/v2\/users\/1"}],"replies":[{"embeddable":true,"href":"https:\/\/www.nhseal.com.mx\/index.php?rest_route=%2Fwp%2Fv2%2Fcomments&post=735"}],"version-history":[{"count":15,"href":"https:\/\/www.nhseal.com.mx\/index.php?rest_route=\/wp\/v2\/pages\/735\/revisions"}],"predecessor-version":[{"id":1350,"href":"https:\/\/www.nhseal.com.mx\/index.php?rest_route=\/wp\/v2\/pages\/735\/revisions\/1350"}],"wp:attachment":[{"href":"https:\/\/www.nhseal.com.mx\/index.php?rest_route=%2Fwp%2Fv2%2Fmedia&parent=735"}],"curies":[{"name":"wp","href":"https:\/\/api.w.org\/{rel}","templated":true}]}}